{"id":381,"date":"2017-01-20T11:46:19","date_gmt":"2017-01-20T11:46:19","guid":{"rendered":"http:\/\/parking-roma.com\/?page_id=381"},"modified":"2019-10-21T10:04:05","modified_gmt":"2019-10-21T10:04:05","slug":"politica-de-privacidad","status":"publish","type":"page","link":"https:\/\/parking-roma.com\/en\/politica-de-privacidad\/","title":{"rendered":"Pol\u00edtica de privacidad"},"content":{"rendered":"<p>[vc_row css_animation=&#8221;&#8221; row_type=&#8221;row&#8221; use_row_as_full_screen_section=&#8221;no&#8221; type=&#8221;full_width&#8221; angled_section=&#8221;no&#8221; text_align=&#8221;left&#8221; background_image_as_pattern=&#8221;without_pattern&#8221; css=&#8221;.vc_custom_1484912777517{padding-bottom: 50px !important;}&#8221;][vc_column][vc_column_text]<\/p>\n<p class=\"s2\"><span style=\"color: #000000;\">Le informamos que los datos personales e informaci\u00f3n que nos pueda proporcionar o que recojamos sobre usted cuando visita nuestras establecimientos, mediante formularios web o en el marco de cualquier otro contacto que pueda usted haber mantenido con nosotros, ser\u00e1n tratados de conformidad a lo establecido por el <span class=\"s3\">Reglamento (UE) 2016\/679 <\/span>del Parlamento Europeo y del Consejo, de 27 de abril de 2016, relativo a la protecci\u00f3n de las personas f\u00edsicas en cuanto al tratamiento de datos personales y a la libre circulaci\u00f3n de estos datos y Ley Org\u00e1nica 3\/2018, de 5 de diciembre, de Protecci\u00f3n de Datos Personales y garant\u00eda de los derechos digitales(LOPDGDD)<a style=\"color: #000000;\" name=\"_GoBack\"><\/a> y dem\u00e1s normativa de aplicaci\u00f3n sobre esta materia.<\/span><\/p>\n<p class=\"s2\"><span style=\"color: #000000;\">En esta pol\u00edtica de privacidad encontrar\u00e1s toda la informaci\u00f3n del uso que se da a tus datos personales. \u00a0<\/span><\/p>\n<p class=\"s2\"><span style=\"color: #000000;\"><span class=\"s3\">1. \u00bf<\/span><span class=\"s3\">Qui\u00e9n es el responsable del tratamiento?<\/span><\/span><\/p>\n<p class=\"s2\"><span style=\"color: #000000;\">El PARKING DEL EIXAMPLE S.L con domicilio C.\/ Consell de Cent 264, 08011 Barcelona es el responsable del tratamiento de los datos recaudados a trav\u00e9s de la presente Web, se incorporan al tratamiento, a los que le ser\u00e1 aplicada la presente pol\u00edtica de Privacidad.<\/span><\/p>\n<p class=\"s2\"><span style=\"color: #000000;\">Los &#8220;Datos Personales&#8221; en la presente Pol\u00edtica de Privacidad se refiere a cualquier informaci\u00f3n que nos permita identificarle, incluida cualquier informaci\u00f3n relacionada con los servicios; o cuando solicite otros avisos mientras utiliza los Sitios Web o en nuestros locales. En concreto, trataremos datos de informaci\u00f3n personal b\u00e1sica, informaci\u00f3n de contacto, datos de pagos e informaci\u00f3n relativa a las prestaciones de nuestros servicios.<\/span><\/p>\n<p class=\"s2\"><span style=\"color: #000000;\">2. \u00bfCu\u00e1les son las finalidades de tratamiento de tus datos?<\/span><\/p>\n<p class=\"s2\"><span style=\"color: #000000;\">Los datos son recabados con las siguientes finalidades:<\/span><\/p>\n<div class=\"s2\"><span style=\"color: #000000;\">i Gesti\u00f3n y administraci\u00f3n y procesamiento del servicio en nuestra p\u00e1gina web<\/span><\/div>\n<div class=\"s2\"><span style=\"color: #000000;\">ii Estudio de resoluci\u00f3n de consultas por medios electr\u00f3nicos, acerca de nuestra empresa, sus actividades, productos y servicios<\/span><\/div>\n<div class=\"s2\"><span style=\"color: #000000;\">iii Gestionar actividades administrativas, contabilidad<\/span><\/div>\n<p class=\"s2\"><span style=\"color: #000000;\"><span class=\"s3\">3<\/span><span class=\"s3\">. <\/span><span class=\"s3\">\u00bfCu\u00e1l<\/span><span class=\"s3\"> es la legitimaci\u00f3n del tratamiento?<\/span><\/span><\/p>\n<p class=\"s2\"><span style=\"color: #000000;\"><span class=\"s4\">Gesti\u00f3n y administraci\u00f3n y procesamiento del servicio en nuestra p\u00e1gina web y estudio de resoluci\u00f3n de consultas<\/span> estimamos que tenemos un inter\u00e9s leg\u00edtimo para atender las solicitudes o consultas que nos plantees a trav\u00e9s de nuestra p\u00e1gina web o por cualquier medio. Valoramos que el tratamiento de estos datos es beneficioso para ti, ya que, nos permite atender y resolver las consultas planteadas. Cuando contactes para la gesti\u00f3n de uno de nuestros servicios informado a trav\u00e9s de la Plataforma, el tratamiento es necesario para la ejecuci\u00f3n de este. Cuando tu consulta est\u00e9 relacionada con el ejercicio de los derechos sobre los que te informamos m\u00e1s abajo o con reclamaciones relacionadas con nuestros servicios, lo que nos leg\u00edtima para tratar tus datos es el cumplimiento de obligaciones legales por nuestra parte.<\/span><\/p>\n<p class=\"s2\"><span style=\"color: #000000;\">La base legitima del <span class=\"s4\">tratamiento de los datos facilitados en el apartado de \u201c<\/span><span class=\"s4\">Contacto <\/span>\u201cessu consentimiento basado en la lectura y aceptaci\u00f3n de nuestra pol\u00edtica de privacidad una vez rellenado el formulario. El interesado presta su consentimiento para el tratamiento de los datos de car\u00e1cter personal suministradas sean incorporados al citado tratamiento, en conformidad con la presente Pol\u00edtica de Privacidad.<\/span><\/p>\n<p class=\"s2\"><span style=\"color: #000000;\"><span class=\"s4\">Gestionar actividades administrativas y de contabilidad<\/span>: El tratamiento de tus datos es necesario para la ejecuci\u00f3n de prestaci\u00f3n de servicios que nos vincule contigo. Y para cumplir con nuestras <span class=\"s3\">obligaciones exigidas legalmente<\/span>.<\/span><\/p>\n<p class=\"s2\">\n<p class=\"s2\"><span style=\"color: #000000;\"><span class=\"s3\">4<\/span><span class=\"s3\">. <\/span><span class=\"s3\">\u00bfAplicamos medidas de seguridad?<\/span><\/span><\/p>\n<p class=\"s2\"><span style=\"color: #000000;\">En la recogida y el tratamiento de los datos de car\u00e1cter personal se han adoptado las medidas de seguridad adecuadas para evitar la p\u00e9rdida, el acceso no autorizado o la manipulaci\u00f3n de estos, de acuerdo con lo establecido en el Reglamento General de Protecci\u00f3n de Datos 2016\/679 de la U.E. y la normativa legal vigente en materia de Protecci\u00f3n de datos.<\/span><\/p>\n<p class=\"s2\"><span style=\"color: #000000;\"><span class=\"s3\">5<\/span><span class=\"s3\">.<\/span> <span class=\"s3\">\u00bfDurante<\/span><span class=\"s3\"> cu\u00e1nto tiempo conservaremos tus datos?<\/span><\/span><\/p>\n<p class=\"s2\"><span style=\"color: #000000;\">Trataremos tus datos durante el tiempo necesario para gestionar el servicio que haya adquirido, incluyendo incidencias, quejas o reclamaciones asociadas al servicio en particular.<\/span><\/p>\n<p class=\"s2\"><span style=\"color: #000000;\">Trataremos tus datos durante el tiempo necesario para atender y gestionar tu solicitud o petici\u00f3n.<\/span><\/p>\n<p class=\"s2\"><span style=\"color: #000000;\">Trataremos tus datos para informarte de las obligaciones inherentes al servicio solicitado por cualquier medio.<\/span><\/p>\n<p class=\"s2\"><span style=\"color: #000000;\">Independientemente de que tratemos tus datos durante el tiempo estrictamente necesario para cumplir con la finalidad correspondiente, los conservaremos posteriormente debidamente guardados y protegidos durante el tiempo en que pudieran surgir responsabilidades derivadas del tratamiento, en cumplimiento con la normativa vigente en cada momento. Una vez prescriban las posibles acciones en cada caso, procederemos a la supresi\u00f3n de los datos personales.<\/span><\/p>\n<p class=\"s2\"><span style=\"color: #000000;\"><span class=\"s3\">6. \u00bf<\/span><span class=\"s3\">C\u00f3mo compartimos tus datos personales?<\/span><\/span><\/p>\n<p class=\"s2\"><span style=\"color: #000000;\">La cesi\u00f3n de estos datos personales tendr\u00e1 la finalidad de prestar y realizar el mantenimiento de los servicios tanto en la p\u00e1gina web y nuestros servicios en los locales conforme al Reglamento UE 2016\/679 y normativa vigente aplicable. As\u00ed mismo, nuestros proveedores de servicios no est\u00e1n autorizados a utilizar datos personales para ning\u00fan fin distinto de la prestaci\u00f3n de los servicios contratados.<\/span><\/p>\n<p class=\"s2\"><span style=\"color: #000000;\">Los terceros como una asesor\u00eda o gestor\u00eda necesarios para cumplir con nuestras obligaciones y que tenga acceso a los datos personales recogidos se subscribir\u00e1 un contrato sobre los t\u00e9rminos conforme el art\u00edculo 28 del RGPDUE, que regular\u00e1 contractualmente el uso y la confidencialidad de los datos de car\u00e1cter personal.<\/span><\/p>\n<p class=\"s2\"><span style=\"color: #000000;\"><span class=\"s3\">7<\/span><span class=\"s3\">. <\/span><span class=\"s3\">\u00bf<\/span><span class=\"s3\">Cu\u00e1les<\/span><span class=\"s3\"> son tus derechos?<\/span><\/span><\/p>\n<p class=\"s2\"><span style=\"color: #000000;\">Tiene derecho al hecho que le confirmamos si estamos tratando datos suyos. Usted tiene derecho a acceder a sus datos, rectificarlos si son inexactos o suprimirlos particularmente si ya no es necesario tratarlos. En determinados casos podr\u00e1 solicitar la limitaci\u00f3n del tratamiento, en este caso los utilizaremos \u00fanicamente para el ejercicio o defensa de reclamaciones. En determinados casos podr\u00e1 oponerse al hecho que tratemos sus datos y dejaremos de tratarlos, salvo por motivos leg\u00edtimos imperiosos o el ejercicio o defensa de posibles reclamaciones. Para ejercitar los derechos deber\u00e1 presentar un escrito al correo electr\u00f3nico info@parking-roma.com. Deber\u00e1 especificar cu\u00e1l de estos derechos solicita sea satisfecho y, a su vez, deber\u00e1 acompa\u00f1arse de la fotocopia del DNI o documento identificativo equivalente. En caso de que actuara mediante representante, legal o voluntario, deber\u00e1 aportar tambi\u00e9n documento que acredite la representaci\u00f3n y documento identificativo del mismo.<\/span><\/p>\n<p class=\"s2\"><span style=\"color: #000000;\">Si quiere disponer de un modelo para ello podr\u00e1:<\/span><\/p>\n<p><span style=\"color: #000000;\">Utilizar un modelo oficial de la Agencia: http:\/\/www.agpd.es\/portalwebagpd\/canaldelciudadano\/derechos\/index-ides-idphp.php<\/span><\/p>\n<p><span style=\"color: #000000;\">Solicitarnos un modelo: info@parking-roma.com<\/span><\/p>\n<p>[\/vc_column_text][\/vc_column][\/vc_row]<\/p>\n","protected":false},"excerpt":{"rendered":"<p>[vc_row css_animation=&#8221;&#8221; row_type=&#8221;row&#8221; use_row_as_full_screen_section=&#8221;no&#8221; type=&#8221;full_width&#8221; angled_section=&#8221;no&#8221; text_align=&#8221;left&#8221; background_image_as_pattern=&#8221;without_pattern&#8221; css=&#8221;.vc_custom_1484912777517{padding-bottom: 50px !important;}&#8221;][vc_column][vc_column_text] Le informamos que los datos personales e informaci\u00f3n que nos pueda proporcionar o que recojamos sobre usted cuando visita nuestras establecimientos, mediante formularios web o en el marco de cualquier otro contacto que pueda&#8230;<\/p>\n","protected":false},"author":2,"featured_media":0,"parent":0,"menu_order":0,"comment_status":"closed","ping_status":"closed","template":"","meta":[],"_links":{"self":[{"href":"https:\/\/parking-roma.com\/en\/wp-json\/wp\/v2\/pages\/381"}],"collection":[{"href":"https:\/\/parking-roma.com\/en\/wp-json\/wp\/v2\/pages"}],"about":[{"href":"https:\/\/parking-roma.com\/en\/wp-json\/wp\/v2\/types\/page"}],"author":[{"embeddable":true,"href":"https:\/\/parking-roma.com\/en\/wp-json\/wp\/v2\/users\/2"}],"replies":[{"embeddable":true,"href":"https:\/\/parking-roma.com\/en\/wp-json\/wp\/v2\/comments?post=381"}],"version-history":[{"count":4,"href":"https:\/\/parking-roma.com\/en\/wp-json\/wp\/v2\/pages\/381\/revisions"}],"predecessor-version":[{"id":462,"href":"https:\/\/parking-roma.com\/en\/wp-json\/wp\/v2\/pages\/381\/revisions\/462"}],"wp:attachment":[{"href":"https:\/\/parking-roma.com\/en\/wp-json\/wp\/v2\/media?parent=381"}],"curies":[{"name":"wp","href":"https:\/\/api.w.org\/{rel}","templated":true}]}}