{"id":376,"date":"2017-01-20T11:32:32","date_gmt":"2017-01-20T11:32:32","guid":{"rendered":"http:\/\/parking-roma.com\/?page_id=376"},"modified":"2019-10-21T10:10:18","modified_gmt":"2019-10-21T10:10:18","slug":"politica-de-cookies-2","status":"publish","type":"page","link":"https:\/\/parking-roma.com\/en\/politica-de-cookies-2\/","title":{"rendered":"Pol\u00edtica de cookies"},"content":{"rendered":"<p><span style=\"color: #000000;\">[vc_row css_animation=&#8221;&#8221; row_type=&#8221;row&#8221; use_row_as_full_screen_section=&#8221;no&#8221; type=&#8221;full_width&#8221; angled_section=&#8221;no&#8221; text_align=&#8221;left&#8221; background_image_as_pattern=&#8221;without_pattern&#8221; css=&#8221;.vc_custom_1484912282791{padding-bottom: 50px !important;}&#8221;][vc_column][vc_column_text]<\/span><\/p>\n<p class=\"s3\"><span class=\"s4\" style=\"color: #000000;\">\u00bfQu\u00e9 son las cookies?<\/span><\/p>\n<p class=\"s6\"><span style=\"color: #000000;\"><span class=\"s5\">Las cookies son archivos de texto que contienen peque\u00f1as cantidades de informaci\u00f3n que se descargan en su ordenador o dispositivo m\u00f3vil cuando usted visita un sitio web. Las cookies se env\u00edan de <\/span><span class=\"s5\">vuelta al sitio web original en cada visita posterior, o a otro sitio web que las reconoce. Las cookies son \u00fatiles porque permiten a un sitio web\u00a0reconocer el dispositivo del usuario. Las cookies pueden realizar diferentes funciones como permitir navegar e<\/span><span class=\"s5\">ntre las p\u00e1ginas de manera eficiente, recordando sus preferencias, y en general mejorar la navegaci\u00f3n del usuario.<\/span><\/span><\/p>\n<p class=\"s3\"><span class=\"s4\" style=\"color: #000000;\">\u00bfComo utilizamos las cookies?<\/span><\/p>\n<p class=\"s8\"><span style=\"color: #000000;\"><span class=\"s5\">Nosotros no almacenamos informaci\u00f3n sensible de identificaci\u00f3n personal como su direcci\u00f3n, su contrase\u00f1a, etc<\/span><span class=\"s5\">., en las cookies que utilizamos<\/span><span class=\"s7\">.<\/span><\/span><\/p>\n<p class=\"s6\"><span style=\"color: #000000;\"><span class=\"s5\">La informaci\u00f3n almacenada por las cookies de nuestra p\u00e1gina web es utilizada \u00fanicamente por nosotros, a excepci\u00f3n de las cookies de terceros que son gestionadas por entidades externas a nosotros y que dan uso de esta infor<\/span><span class=\"s5\">maci\u00f3n para proporcionarnos servicios solicitados por nuestra empresa y para mejorar la experiencia del usuario al navegar en nuestra p\u00e1gina web.<\/span><\/span><\/p>\n<p class=\"s3\">\n<p class=\"s3\"><span style=\"color: #000000;\"><span class=\"s9\">\u00bf<\/span><span class=\"s4\">Qu\u00e9 tipo de datos personales tratamos?<\/span><span class=\"s5\"><br \/>\n<\/span><span class=\"s5\">\u00danicamente conectaremos su Id. de cookie a los datos <\/span><span class=\"s5\">personales enviados y recopilados\u00a0<\/span><\/span><\/p>\n<p class=\"s3\">\n<p class=\"s3\"><span class=\"s4\" style=\"color: #000000;\">\u00bfComo puedo Desactivar, eliminar las Cookies y revocar el consentimiento \u201copt out\u201d?<\/span><\/p>\n<p class=\"s3\">\n<p class=\"s11\"><span style=\"color: #000000;\"><span class=\"s10\">La mayor\u00eda de los navegadores web permite gestionar, en cualquier momento, las preferencias del Usuario sobre el uso de las <\/span><span class=\"s10\">Cookies. El Usuario puede ajustar su navegador para que rechace Cookies o elimine determinadas Cookies seg\u00fan su criterio.<\/span><\/span><\/p>\n<p class=\"s6\"><span style=\"color: #000000;\"><span class=\"s5\">Usted puede eliminar estas cookies del ordenador o dispositivo m\u00f3vil f\u00e1cilmente utilizando su navegador. Para m\u00e1s indicaciones sobre c<\/span><span class=\"s5\">\u00f3mo gestionar y eliminar cookies, consulte la pesta\u00f1a \u00abAyuda\u00bb en su navegador. Puede desactivar cookies o bien recibir una notificaci\u00f3n cada vez que una <\/span><span class=\"s5\">cookie nueva se env\u00ede a su ordenador o dispositivo m\u00f3vil. Si opta por la desactivaci\u00f3n de cookies, no p<\/span><span class=\"s5\">odr\u00e1 beneficiarse de todas las caracter\u00edsticas de nuestra p\u00e1gina.\u00a0<\/span><\/span><\/p>\n<p class=\"s6\">\n<p class=\"s11\"><span style=\"color: #000000;\"><span class=\"s10\">Para obtener m\u00e1s informaci\u00f3n sobre las Cookies y permitir, bloquear o eliminar las Cookies instaladas en su equipo, el Usuario puede hacerlo mediante la configuraci\u00f3n de las opciones del n<\/span><span class=\"s10\">avegador instalado en su ordenador, siendo el funcionamiento de la siguiente manera:<\/span><\/span><\/p>\n<p class=\"s11\"><span style=\"color: #000000;\"><span class=\"s10\">Si utiliza<\/span><span class=\"s12\">\u00a0<\/span><span class=\"s10\">Microsoft Internet Explorer, la informaci\u00f3n sobre c\u00f3mo bloquear o eliminar el uso de la cookie puede hacerlo a trav\u00e9s de la opci\u00f3n de men\u00fa Herramientas, selecci<\/span><span class=\"s10\">onando Opciones de Internet y accediendo a Privacidad y finalmente a Configuraci\u00f3n.<\/span><\/span><\/p>\n<p class=\"s11\"><span style=\"color: #000000;\"><span class=\"s10\">Para m\u00e1s informaci\u00f3n, puede consultar la siguiente URL:<\/span><a style=\"color: #000000;\" href=\"http:\/\/windows.microsoft.com\/es-es\/windows7\/how-to-manage-cookies-in-internet-explorer-9\"><span class=\"s12\">\u00a0<\/span><\/a><\/span><\/p>\n<p class=\"s11\"><span style=\"color: #000000;\"><a style=\"color: #000000;\" href=\"http:\/\/windows.microsoft.com\/es-es\/windows7\/how-to-manage-cookies-in-internet-explorer-9\"><span class=\"s13\">http:\/\/windows.microsoft.com\/es-es\/windows7\/<\/span><\/a><a style=\"color: #000000;\" name=\"_Hlt18072828\"><\/a><a style=\"color: #000000;\" name=\"_Hlt18072829\"><\/a><span class=\"s13\">h<\/span><span class=\"s13\">ow-to-manage-cookies-in-internet-explorer-9<\/span><span class=\"s10\">\u00a0<\/span><span class=\"s10\">o la Ayuda del navegador con el t\u00e9rmino \u201cCookie\u201d.<\/span><\/span><\/p>\n<p class=\"s11\"><span style=\"color: #000000;\"><span class=\"s10\">Si utiliza<\/span><span class=\"s12\">\u00a0<\/span><span class=\"s10\">Firefox, la informaci\u00f3n sobre c\u00f3mo bloquear o eliminar el uso de las cookies para Mac puede hacerlo a trav\u00e9s de la opci\u00f3n de men\u00fa Preferencias, seleccionando Privacidad, accediendo al apartado Mostrar Cookies; y para Windows en la opci\u00f3n de men\u00fa Herramient<\/span><span class=\"s10\">as, seleccionando Opciones, accediendo a Privacidad y luego a Usar una configuraci\u00f3n personalizada para el historial.<\/span><\/span><\/p>\n<p class=\"s11\"><span class=\"s10\" style=\"color: #000000;\">Para m\u00e1s informaci\u00f3n, puede consultar la siguiente URL:<\/span><\/p>\n<p class=\"s11\"><span style=\"color: #000000;\"><span class=\"s10\">\u00a0 <\/span><a style=\"color: #000000;\" href=\"https:\/\/support.mozilla.org\/es\/kb\/habilitar-y-deshabilitar-cookies-que-los-sitios-we\"><span class=\"s13\">https:\/\/support.mozilla.org\/es\/kb\/habilitar-y-deshabilitar-cookies-que-los-sitios-we<\/span><\/a><span class=\"s12\"> \u00a0<\/span><\/span><\/p>\n<p class=\"s11\"><span style=\"color: #000000;\"><span class=\"s10\">Si utiliza<\/span><span class=\"s10\">\u00a0<\/span><span class=\"s10\">Safari, la informaci\u00f3n sobre c\u00f3mo bloquear o eliminar el uso de las cookies puede hacerlo a trav\u00e9s de la opci\u00f3n de men\u00fa Edici\u00f3n \u00ac Prefer<\/span><span class=\"s10\">encias \u00ac Privacidad y seleccionando las opciones que desee.<\/span><\/span><\/p>\n<p class=\"s11\"><span style=\"color: #000000;\"><span class=\"s10\">Para m\u00e1s informaci\u00f3n, puede consultar el soporte de Apple:<\/span><span class=\"s10\">\u00a0<\/span><\/span><\/p>\n<p class=\"s11\"><span style=\"color: #000000;\"><a style=\"color: #000000;\" href=\"http:\/\/www.apple.com\/es\/support\/mac-apps\/safari\/\"><span class=\"s13\">http:\/\/www.apple.com\/es\/support\/mac-apps\/safari\/<\/span><\/a><span class=\"s10\">\u00a0<\/span><span class=\"s10\">o la Ayuda del navega<\/span><span class=\"s10\">dor.<\/span><\/span><\/p>\n<p class=\"s11\">\n<p class=\"s11\"><span style=\"color: #000000;\"><span class=\"s10\">Si utiliza<\/span><span class=\"s10\">\u00a0<\/span><span class=\"s10\">Google Chrome, la informaci\u00f3n sobre c\u00f3mo bloquear o eliminar el uso de las cookies puede hacerlo a trav\u00e9s de la opci\u00f3n de men\u00fa Herramientas, seleccionando Configuraci\u00f3n (Preferencias en Mac), accediendo a Avanzadas y luego en la opci\u00f3n Con<\/span><span class=\"s10\">figuraci\u00f3n Contenido de la secci\u00f3n Privacidad, y finalmente seleccionando la configuraci\u00f3n de cookies que desee.<\/span><\/span><\/p>\n<p class=\"s11\"><span style=\"color: #000000;\"><span class=\"s10\">Para m\u00e1s informaci\u00f3n, puede consultar la siguiente URL:<\/span><span class=\"s10\">\u00a0<\/span><\/span><\/p>\n<p class=\"s11\"><span style=\"color: #000000;\"><a style=\"color: #000000;\" href=\"https:\/\/support.google.com\/chrome\/answer\/95647?hl=es\"><span class=\"s13\">https:\/\/support.<\/span><span class=\"s13\">google.com\/chrome\/answer\/95647?hl=es<\/span><\/a><span class=\"s10\">\u00a0<\/span><span class=\"s10\">o la Ayuda del navegador con el t\u00e9rmino \u201cCookie\u201d<\/span><\/span><\/p>\n<p class=\"s14\">\n<p class=\"s14\"><span class=\"s15\" style=\"color: #000000;\">\u00bfQu\u00e9 cookies utilizamos y para qu\u00e9 finalidad?<\/span><\/p>\n<table>\n<tbody>\n<tr>\n<td class=\"s16\">\n<div>\n<p class=\"s18\"><span class=\"s17\" style=\"color: #000000;\">T\u00cdTULO DE LAS COOKIES<\/span><\/p>\n<\/div>\n<\/td>\n<td class=\"s16\">\n<div>\n<p class=\"s18\"><span class=\"s19\" style=\"color: #000000;\">PROP\u00d3SITO<\/span><\/p>\n<\/div>\n<\/td>\n<td class=\"s16\">\n<div>\n<p class=\"s18\"><span class=\"s19\" style=\"color: #000000;\">DURACI\u00d3N<\/span><\/p>\n<\/div>\n<\/td>\n<td class=\"s16\">\n<div>\n<p class=\"s18\"><span class=\"s19\" style=\"color: #000000;\">GESTI\u00d3N<\/span><\/p>\n<\/div>\n<\/td>\n<\/tr>\n<tr>\n<td class=\"s20\">\n<div>\n<p class=\"s22\"><span class=\"s21\" style=\"color: #000000;\">Aceptaci\u00f3n del uso de cookies<\/span><\/p>\n<\/div>\n<\/td>\n<td class=\"s23\">\n<div>\n<p class=\"s18\"><span style=\"color: #000000;\"><span class=\"s24\">Identifica si el usuario ha <\/span><span class=\"s24\">aceptado el uso de cookies en la web<\/span><\/span><\/p>\n<\/div>\n<\/td>\n<td class=\"s20\">\n<div>\n<p class=\"s18\"><span class=\"s24\" style=\"color: #000000;\">Persistentes<\/span><\/p>\n<\/div>\n<\/td>\n<td class=\"s23\">\n<div>\n<p class=\"s18\"><span class=\"s24\" style=\"color: #000000;\">Propias<\/span><\/p>\n<\/div>\n<\/td>\n<\/tr>\n<tr>\n<td class=\"s25\">\n<div>\n<p class=\"s22\"><span class=\"s21\" style=\"color: #000000;\">Google Analytics (cookie de terceros)<\/span><\/p>\n<p class=\"s26\">\n<\/div>\n<\/td>\n<td class=\"s25\">\n<div>\n<p class=\"s18\"><span style=\"color: #000000;\"><span class=\"s24\">Permiten realizar el seguimiento del sitio web mediante la herramienta Google Analytics, que es un servicio proporcionado por <\/span><span class=\"s24\">Google para obtener informaci\u00f3n de los accesos de los usuarios a los sitios web. Algunos de los datos guardados para an\u00e1lisis posteriores son: n\u00famero de veces que un usuario visita la web, fechas de la primera y \u00faltima visita del usuario, duraci\u00f3n de las v<\/span><span class=\"s24\">isitas, desde qu\u00e9 p\u00e1gina accedi\u00f3 el usuario a la web, qu\u00e9 motor de b\u00fasqueda utiliz\u00f3 el usuario para llegar a la web o qu\u00e9 enlace hizo click, desde qu\u00e9 lugar del mundo accedi\u00f3 el usuario, etc. La configuraci\u00f3n de estas cookies est\u00e1 predeterminada por el ser<\/span><span class=\"s24\">vicio ofrecido por Google, por lo que le sugerimos que consulte la p\u00e1gina de privacidad de Google Analytics,\u00a0<\/span><a style=\"color: #000000;\" href=\"http:\/\/www.google.com\/intl\/es\/analytics\/privacyoverview.html\"><span class=\"s27\">http:\/\/www.google.com\/intl\/es\/analytics\/privacyov<\/span><\/a><a style=\"color: #000000;\" name=\"_Hlt20153335\"><\/a><a style=\"color: #000000;\" name=\"_Hlt20153336\"><\/a><span class=\"s27\">e<\/span><span class=\"s27\">rview.html<\/span><span class=\"s24\">, para ob<\/span><span class=\"s24\">tener m\u00e1s informaci\u00f3n de las cookies que utiliza y de c\u00f3mo inhabilitarlas (en el entendido de que no somos responsables ni del contenido ni de la veracidad de los sitios web de terceros).<\/span><\/span><\/p>\n<\/div>\n<\/td>\n<td class=\"s25\">\n<div>\n<p class=\"s18\"><span class=\"s24\" style=\"color: #000000;\">Persistentes<\/span><\/p>\n<\/div>\n<\/td>\n<td class=\"s25\">\n<div>\n<p class=\"s18\"><span class=\"s24\" style=\"color: #000000;\">De tercero<\/span><\/p>\n<\/div>\n<\/td>\n<\/tr>\n<tr>\n<td class=\"s28\">\n<div>\n<p class=\"s22\"><span class=\"s21\" style=\"color: #000000;\">Typeform (cookie de terceros)<\/span><\/p>\n<\/div>\n<\/td>\n<td class=\"s28\">\n<div>\n<p class=\"s18\"><span style=\"color: #000000;\"><span class=\"s24\">Permite recoger los datos en el apartado \u201cContacto\u201d, es un servicio proporcionado por typeform que nos permite recoger informaci\u00f3n sobre las consultas o peticiones que pueda realizar. Los datos almacenados son email, tel\u00e9fono, nombre y apellidos. Nosotros <\/span><span class=\"s24\">nos encargaremos del tratamiento de estos datos. La configuraci\u00f3n de estas cookies est\u00e1 predeterminada por el servicio ofrecido por Typeform, por lo que le sugerimos que consulte la p\u00e1gina de privacidad de Typeform,\u00a0<\/span><a style=\"color: #000000;\" href=\"https:\/\/admin.typeform.com\/to\/yFvrNI\/\"><span class=\"s27\">https:\/\/admin.typeform.com\/to\/yFvrNI\/<\/span><\/a><span class=\"s29\">,<\/span><span class=\"s24\"> para obtener m\u00e1s informaci\u00f3n de las cookies que utiliza y de c\u00f3mo inhabilitarlas<\/span><\/span><\/p>\n<p class=\"s18\">\n<p class=\"s18\">\n<\/div>\n<\/td>\n<td class=\"s28\">\n<div>\n<p class=\"s18\"><span class=\"s24\" style=\"color: #000000;\">Persistentes <\/span><\/p>\n<\/div>\n<\/td>\n<td class=\"s28\">\n<div>\n<p class=\"s18\"><span class=\"s24\" style=\"color: #000000;\">De terceros<\/span><\/p>\n<\/div>\n<\/td>\n<\/tr>\n<\/tbody>\n<\/table>\n<p class=\"s14\">\n<p class=\"s14\">\n<p><span style=\"color: #000000;\">Para m\u00e1s informaci\u00f3n, puede consultar la siguiente URL:\u00a0<a style=\"color: #000000;\" href=\"https:\/\/support.google.com\/chrome\/answer\/95647?hl=es\"><strong>https:\/\/support.google.com\/chrome\/answer\/95647?hl=es<\/strong><\/a>\u00a0o la Ayuda del navegador con el t\u00e9rmino \u201cCookie\u201d[\/vc_column_text][\/vc_column][\/vc_row]<\/span><\/p>\n","protected":false},"excerpt":{"rendered":"<p>[vc_row css_animation=&#8221;&#8221; row_type=&#8221;row&#8221; use_row_as_full_screen_section=&#8221;no&#8221; type=&#8221;full_width&#8221; angled_section=&#8221;no&#8221; text_align=&#8221;left&#8221; background_image_as_pattern=&#8221;without_pattern&#8221; css=&#8221;.vc_custom_1484912282791{padding-bottom: 50px !important;}&#8221;][vc_column][vc_column_text] \u00bfQu\u00e9 son las cookies? Las cookies son archivos de texto que contienen peque\u00f1as cantidades de informaci\u00f3n que se descargan en su ordenador o dispositivo m\u00f3vil cuando usted visita un sitio web. Las cookies se&#8230;<\/p>\n","protected":false},"author":2,"featured_media":0,"parent":0,"menu_order":0,"comment_status":"closed","ping_status":"closed","template":"","meta":[],"_links":{"self":[{"href":"https:\/\/parking-roma.com\/en\/wp-json\/wp\/v2\/pages\/376"}],"collection":[{"href":"https:\/\/parking-roma.com\/en\/wp-json\/wp\/v2\/pages"}],"about":[{"href":"https:\/\/parking-roma.com\/en\/wp-json\/wp\/v2\/types\/page"}],"author":[{"embeddable":true,"href":"https:\/\/parking-roma.com\/en\/wp-json\/wp\/v2\/users\/2"}],"replies":[{"embeddable":true,"href":"https:\/\/parking-roma.com\/en\/wp-json\/wp\/v2\/comments?post=376"}],"version-history":[{"count":3,"href":"https:\/\/parking-roma.com\/en\/wp-json\/wp\/v2\/pages\/376\/revisions"}],"predecessor-version":[{"id":465,"href":"https:\/\/parking-roma.com\/en\/wp-json\/wp\/v2\/pages\/376\/revisions\/465"}],"wp:attachment":[{"href":"https:\/\/parking-roma.com\/en\/wp-json\/wp\/v2\/media?parent=376"}],"curies":[{"name":"wp","href":"https:\/\/api.w.org\/{rel}","templated":true}]}}